{"id":3294,"date":"2023-11-16T17:12:51","date_gmt":"2023-11-16T17:12:51","guid":{"rendered":"https:\/\/termemargherita.it\/?page_id=3294"},"modified":"2024-06-04T08:37:00","modified_gmt":"2024-06-04T08:37:00","slug":"meeting-e-ricevimenti","status":"publish","type":"page","link":"https:\/\/termemargherita.it\/en\/meeting-e-ricevimenti\/","title":{"rendered":"Meeting e Ricevimenti"},"content":{"rendered":"<div data-elementor-type=\"wp-page\" data-elementor-id=\"3294\" class=\"elementor elementor-3294\">\n\t\t\t\t\t\t\t\t\t<section class=\"elementor-section elementor-top-section elementor-element elementor-element-181533ac elementor-section-height-min-height cs-section-content-fullwidth elementor-section-boxed elementor-section-height-default elementor-section-items-middle\" data-id=\"181533ac\" data-element_type=\"section\" data-settings=\"{&quot;background_background&quot;:&quot;classic&quot;}\">\n\t\t\t\t\t\t\t<div class=\"elementor-background-overlay\"><\/div>\n\t\t\t\t\t\t\t<div class=\"elementor-container elementor-column-gap-no\">\n\t\t\t\t\t<div class=\"elementor-column elementor-col-100 elementor-top-column elementor-element elementor-element-64e9bf78 dark-color\" data-id=\"64e9bf78\" data-element_type=\"column\">\n\t\t\t<div class=\"elementor-widget-wrap elementor-element-populated\">\n\t\t\t\t\t\t\t\t<div class=\"elementor-element elementor-element-cfaa558 elementor-widget elementor-widget-cs_title\" data-id=\"cfaa558\" data-element_type=\"widget\" data-widget_type=\"cs_title.default\">\n\t\t\t\t<div class=\"elementor-widget-container\">\n\t\t\t\n        <div class=\"cs-title-wrap text-center\">\t            <h1 class=\"cs-title\">\n\t                MEETING E RICEVIMENTI\t            <\/h1>        <\/div>\t\t<\/div>\n\t\t\t\t<\/div>\n\t\t\t\t\t<\/div>\n\t\t<\/div>\n\t\t\t\t\t\t\t<\/div>\n\t\t<\/section>\n\t\t\t\t<section class=\"elementor-section elementor-top-section elementor-element elementor-element-6deca411 elementor-section-boxed elementor-section-height-default elementor-section-height-default\" data-id=\"6deca411\" data-element_type=\"section\">\n\t\t\t\t\t\t<div class=\"elementor-container elementor-column-gap-no\">\n\t\t\t\t\t<div class=\"elementor-column elementor-col-100 elementor-top-column elementor-element elementor-element-479bf8ae\" data-id=\"479bf8ae\" data-element_type=\"column\">\n\t\t\t<div class=\"elementor-widget-wrap elementor-element-populated\">\n\t\t\t\t\t\t\t\t<div class=\"elementor-element elementor-element-46ae4245 elementor-widget elementor-widget-cs_title\" data-id=\"46ae4245\" data-element_type=\"widget\" data-widget_type=\"cs_title.default\">\n\t\t\t\t<div class=\"elementor-widget-container\">\n\t\t\t\n        <div class=\"cs-title-wrap text-center\">\t            <div class=\"cs-title-text\">\n\t                <p class=\"rtecenter translation-block\">The Grand Hotel Terme Conference Room is multifunctional, with theater-style seating, and can be set up in different ways to suit various business needs. The room has direct access to a panoramic terrace where coffee breaks and working lunches can be held. The entire room, with a maximum capacity of 200 seats, is equipped with everything needed for any type of conference or event.<\/p>\t            <\/div>        <\/div>\t\t<\/div>\n\t\t\t\t<\/div>\n\t\t\t\t\t<\/div>\n\t\t<\/div>\n\t\t\t\t\t\t\t<\/div>\n\t\t<\/section>\n\t\t\t\t<section class=\"elementor-section elementor-top-section elementor-element elementor-element-43446177 elementor-section-full_width elementor-section-height-default elementor-section-height-default\" data-id=\"43446177\" data-element_type=\"section\" data-settings=\"{&quot;background_background&quot;:&quot;classic&quot;}\">\n\t\t\t\t\t\t<div class=\"elementor-container elementor-column-gap-no\">\n\t\t\t\t\t<div class=\"elementor-column elementor-col-50 elementor-top-column elementor-element elementor-element-51800120\" data-id=\"51800120\" data-element_type=\"column\">\n\t\t\t<div class=\"elementor-widget-wrap elementor-element-populated\">\n\t\t\t\t\t\t\t\t<div class=\"elementor-element elementor-element-13113d1d elementor-widget elementor-widget-cs_title\" data-id=\"13113d1d\" data-element_type=\"widget\" data-widget_type=\"cs_title.default\">\n\t\t\t\t<div class=\"elementor-widget-container\">\n\t\t\t\n        <div class=\"cs-title-wrap text-center\">\t            <div class=\"cs-subtitle-wrap\"><span class=\"cs-subtitle\">Equipment and Services<\/span><\/div>        <\/div>\t\t<\/div>\n\t\t\t\t<\/div>\n\t\t\t\t<div class=\"elementor-element elementor-element-3a7b5e5 elementor-align-left elementor-widget elementor-widget-cs_list\" data-id=\"3a7b5e5\" data-element_type=\"widget\" data-widget_type=\"cs_list.default\">\n\t\t\t\t<div class=\"elementor-widget-container\">\n\t\t\t\n            <ul class=\"cs-list cs-list-type-unordered with-border\">                <li>                        <span class=\"list-icon\">\n                            <i aria-hidden=\"true\" class=\"fas fa-long-arrow-alt-right\"><\/i>                        <\/span>                    <span class=\"list-content\">200 seats<\/span>                <\/li>                <li>                        <span class=\"list-icon\">\n                            <i aria-hidden=\"true\" class=\"fas fa-long-arrow-alt-right\"><\/i>                        <\/span>                    <span class=\"list-content\">Panoramic terrace<\/span>                <\/li>                <li>                        <span class=\"list-icon\">\n                            <i aria-hidden=\"true\" class=\"fas fa-long-arrow-alt-right\"><\/i>                        <\/span>                    <span class=\"list-content\">Exhibition area<\/span>                <\/li>                <li>                        <span class=\"list-icon\">\n                            <i aria-hidden=\"true\" class=\"fas fa-long-arrow-alt-right\"><\/i>                        <\/span>                    <span class=\"list-content\">Access for people with disabilities<\/span>                <\/li>                <li>                        <span class=\"list-icon\">\n                            <i aria-hidden=\"true\" class=\"fas fa-long-arrow-alt-right\"><\/i>                        <\/span>                    <span class=\"list-content\">Microphones, screen, video projector, flip chart, lectern<\/span>                <\/li>                <li>                        <span class=\"list-icon\">\n                            <i aria-hidden=\"true\" class=\"fas fa-long-arrow-alt-right\"><\/i>                        <\/span>                    <span class=\"list-content\">Air conditioning system<\/span>                <\/li>                <li>                        <span class=\"list-icon\">\n                            <i aria-hidden=\"true\" class=\"fas fa-long-arrow-alt-right\"><\/i>                        <\/span>                    <span class=\"list-content\">Telephone connections<\/span>                <\/li>                <li>                        <span class=\"list-icon\">\n                            <i aria-hidden=\"true\" class=\"fas fa-long-arrow-alt-right\"><\/i>                        <\/span>                    <span class=\"list-content\">Secretarial office (outside the hall)<\/span>                <\/li>                <li>                        <span class=\"list-icon\">\n                            <i aria-hidden=\"true\" class=\"fas fa-long-arrow-alt-right\"><\/i>                        <\/span>                    <span class=\"list-content\">Internal signage<\/span>                <\/li>                <li>                        <span class=\"list-icon\">\n                            <i aria-hidden=\"true\" class=\"fas fa-long-arrow-alt-right\"><\/i>                        <\/span>                    <span class=\"list-content\">Storage facilities<\/span>                <\/li>                <li>                        <span class=\"list-icon\">\n                            <i aria-hidden=\"true\" class=\"fas fa-long-arrow-alt-right\"><\/i>                        <\/span>                    <span class=\"list-content\">Control room<\/span>                <\/li>                <li>                        <span class=\"list-icon\">\n                            <i aria-hidden=\"true\" class=\"fas fa-long-arrow-alt-right\"><\/i>                        <\/span>                    <span class=\"list-content\">Internet access and Wi-Fi in common areas<\/span>                <\/li>                <li>                        <span class=\"list-icon\">\n                            <i aria-hidden=\"true\" class=\"fas fa-long-arrow-alt-right\"><\/i>                        <\/span>                    <span class=\"list-content\">Possibility of organizing gala evenings and post-conference shows<\/span>                <\/li>            <\/ul>\t\t<\/div>\n\t\t\t\t<\/div>\n\t\t\t\t<div class=\"elementor-element elementor-element-7f529ac elementor-widget elementor-widget-cs_title\" data-id=\"7f529ac\" data-element_type=\"widget\" data-widget_type=\"cs_title.default\">\n\t\t\t\t<div class=\"elementor-widget-container\">\n\t\t\t\n        <div class=\"cs-title-wrap text-left\">\t            <div class=\"cs-title-text\">\n\t                <p>The conference room has adequate space for the installation of simultaneous translation and recording equipment, ensuring excellent reception of the interpretation.<\/p>\t            <\/div>        <\/div>\t\t<\/div>\n\t\t\t\t<\/div>\n\t\t\t\t\t<\/div>\n\t\t<\/div>\n\t\t\t\t<div class=\"elementor-column elementor-col-50 elementor-top-column elementor-element elementor-element-345e2359\" data-id=\"345e2359\" data-element_type=\"column\" data-settings=\"{&quot;background_background&quot;:&quot;classic&quot;}\">\n\t\t\t<div class=\"elementor-widget-wrap elementor-element-populated\">\n\t\t\t\t\t\t\t\t<div class=\"elementor-element elementor-element-5af1f124 elementor-widget elementor-widget-spacer\" data-id=\"5af1f124\" data-element_type=\"widget\" data-widget_type=\"spacer.default\">\n\t\t\t\t<div class=\"elementor-widget-container\">\n\t\t\t<style>\/*! elementor - v3.17.0 - 25-10-2023 *\/\n.elementor-column .elementor-spacer-inner{height:var(--spacer-size)}.e-con{--container-widget-width:100%}.e-con-inner>.elementor-widget-spacer,.e-con>.elementor-widget-spacer{width:var(--container-widget-width,var(--spacer-size));--align-self:var(--container-widget-align-self,initial);--flex-shrink:0}.e-con-inner>.elementor-widget-spacer>.elementor-widget-container,.e-con>.elementor-widget-spacer>.elementor-widget-container{height:100%;width:100%}.e-con-inner>.elementor-widget-spacer>.elementor-widget-container>.elementor-spacer,.e-con>.elementor-widget-spacer>.elementor-widget-container>.elementor-spacer{height:100%}.e-con-inner>.elementor-widget-spacer>.elementor-widget-container>.elementor-spacer>.elementor-spacer-inner,.e-con>.elementor-widget-spacer>.elementor-widget-container>.elementor-spacer>.elementor-spacer-inner{height:var(--container-widget-height,var(--spacer-size))}.e-con-inner>.elementor-widget-spacer.elementor-widget-empty,.e-con>.elementor-widget-spacer.elementor-widget-empty{position:relative;min-height:22px;min-width:22px}.e-con-inner>.elementor-widget-spacer.elementor-widget-empty .elementor-widget-empty-icon,.e-con>.elementor-widget-spacer.elementor-widget-empty .elementor-widget-empty-icon{position:absolute;top:0;bottom:0;left:0;right:0;margin:auto;padding:0;width:22px;height:22px}<\/style>\t\t<div class=\"elementor-spacer\">\n\t\t\t<div class=\"elementor-spacer-inner\"><\/div>\n\t\t<\/div>\n\t\t\t\t<\/div>\n\t\t\t\t<\/div>\n\t\t\t\t\t<\/div>\n\t\t<\/div>\n\t\t\t\t\t\t\t<\/div>\n\t\t<\/section>\n\t\t\t\t<section class=\"elementor-section elementor-top-section elementor-element elementor-element-cef5c9f cs-parallax-on-scroll cs-section-content-fullwidth elementor-section-boxed elementor-section-height-default elementor-section-height-default\" data-id=\"cef5c9f\" data-element_type=\"section\" data-settings=\"{&quot;background_background&quot;:&quot;classic&quot;}\" data-cs-parallax-y=\"\" style=\"background-image: none;\" data-cs-background-image=\"https:\/\/termemargherita.it\/wp-content\/uploads\/2023\/11\/gallery-meetingericevimenti-04.jpg\">\n\t\t\t\t\t\t\t<div class=\"elementor-background-overlay\"><\/div>\n\t\t\t\t\t\t\t<div class=\"elementor-container elementor-column-gap-no\">\n\t\t\t\t\t<div class=\"elementor-column elementor-col-100 elementor-top-column elementor-element elementor-element-08643e5 dark-color\" data-id=\"08643e5\" data-element_type=\"column\">\n\t\t\t<div class=\"elementor-widget-wrap\">\n\t\t\t\t\t\t\t\t\t<\/div>\n\t\t<\/div>\n\t\t\t\t\t\t\t<\/div>\n\t\t<\/section>\n\t\t\t\t<section class=\"elementor-section elementor-top-section elementor-element elementor-element-70fe9c6 elementor-section-full_width elementor-hidden-tablet elementor-hidden-mobile elementor-section-height-default elementor-section-height-default\" data-id=\"70fe9c6\" data-element_type=\"section\">\n\t\t\t\t\t\t<div class=\"elementor-container elementor-column-gap-no\">\n\t\t\t\t\t<div class=\"elementor-column elementor-col-100 elementor-top-column elementor-element elementor-element-49a206e\" data-id=\"49a206e\" data-element_type=\"column\">\n\t\t\t<div class=\"elementor-widget-wrap elementor-element-populated\">\n\t\t\t\t\t\t\t\t<div class=\"elementor-element elementor-element-fde2438 elementor-widget elementor-widget-cs_gallery\" data-id=\"fde2438\" data-element_type=\"widget\" data-widget_type=\"cs_gallery.default\">\n\t\t\t\t<div class=\"elementor-widget-container\">\n\t\t\t\n            <div class=\"cs-gallery gap-5 gallery-carousel align-middle-v\" data-column=\"3\" data-fade=\"\" data-autoplay=\"on\" data-autoplay-speed=\"5000\" data-show-arrows=\"\" data-show-dots=\"\" data-variable-width=\"off\" data-overflow-style=\"\" data-center-mode=\"on\">\n                <div class=\"cs-gallery-wrap\">                    <div class=\"cs-gallery-item\">                            <a href=\"https:\/\/termemargherita.it\/wp-content\/uploads\/2023\/11\/gallery-meetingericevimenti-03.jpg\" data-elementor-open-lightbox=\"yes\" data-elementor-lightbox-slideshow=\"fde2438\" data-elementor-lightbox-title=\"gallery-meetingericevimenti-03\" data-e-action-hash=\"#elementor-action%3Aaction%3Dlightbox%26settings%3DeyJpZCI6MzM0NCwidXJsIjoiaHR0cHM6XC9cL3Rlcm1lbWFyZ2hlcml0YS5pdFwvd3AtY29udGVudFwvdXBsb2Fkc1wvMjAyM1wvMTFcL2dhbGxlcnktbWVldGluZ2VyaWNldmltZW50aS0wMy5qcGciLCJzbGlkZXNob3ciOiJmZGUyNDM4In0%3D\"><img fetchpriority=\"high\" decoding=\"async\" width=\"1140\" height=\"640\" src=\"https:\/\/termemargherita.it\/wp-content\/uploads\/2023\/11\/gallery-meetingericevimenti-03.jpg\" class=\"attachment-full size-full wp-image-3344\" alt=\"\" srcset=\"https:\/\/termemargherita.it\/wp-content\/uploads\/2023\/11\/gallery-meetingericevimenti-03.jpg 1140w, https:\/\/termemargherita.it\/wp-content\/uploads\/2023\/11\/gallery-meetingericevimenti-03-300x168.jpg 300w, https:\/\/termemargherita.it\/wp-content\/uploads\/2023\/11\/gallery-meetingericevimenti-03-1024x575.jpg 1024w, https:\/\/termemargherita.it\/wp-content\/uploads\/2023\/11\/gallery-meetingericevimenti-03-768x431.jpg 768w, https:\/\/termemargherita.it\/wp-content\/uploads\/2023\/11\/gallery-meetingericevimenti-03-780x438.jpg 780w, https:\/\/termemargherita.it\/wp-content\/uploads\/2023\/11\/gallery-meetingericevimenti-03-600x337.jpg 600w, https:\/\/termemargherita.it\/wp-content\/uploads\/2023\/11\/gallery-meetingericevimenti-03-550x309.jpg 550w, https:\/\/termemargherita.it\/wp-content\/uploads\/2023\/11\/gallery-meetingericevimenti-03-370x208.jpg 370w, https:\/\/termemargherita.it\/wp-content\/uploads\/2023\/11\/gallery-meetingericevimenti-03-255x143.jpg 255w\" sizes=\"(max-width: 1140px) 100vw, 1140px\" \/><\/a>                    <\/div>                    <div class=\"cs-gallery-item\">                            <a href=\"https:\/\/termemargherita.it\/wp-content\/uploads\/2023\/11\/gallery-meetingericevimenti-02.jpg\" data-elementor-open-lightbox=\"yes\" data-elementor-lightbox-slideshow=\"fde2438\" data-elementor-lightbox-title=\"gallery-meetingericevimenti-02\" data-e-action-hash=\"#elementor-action%3Aaction%3Dlightbox%26settings%3DeyJpZCI6MzM0MywidXJsIjoiaHR0cHM6XC9cL3Rlcm1lbWFyZ2hlcml0YS5pdFwvd3AtY29udGVudFwvdXBsb2Fkc1wvMjAyM1wvMTFcL2dhbGxlcnktbWVldGluZ2VyaWNldmltZW50aS0wMi5qcGciLCJzbGlkZXNob3ciOiJmZGUyNDM4In0%3D\"><img decoding=\"async\" width=\"1140\" height=\"640\" src=\"https:\/\/termemargherita.it\/wp-content\/uploads\/2023\/11\/gallery-meetingericevimenti-02.jpg\" class=\"attachment-full size-full wp-image-3343\" alt=\"\" srcset=\"https:\/\/termemargherita.it\/wp-content\/uploads\/2023\/11\/gallery-meetingericevimenti-02.jpg 1140w, https:\/\/termemargherita.it\/wp-content\/uploads\/2023\/11\/gallery-meetingericevimenti-02-300x168.jpg 300w, https:\/\/termemargherita.it\/wp-content\/uploads\/2023\/11\/gallery-meetingericevimenti-02-1024x575.jpg 1024w, https:\/\/termemargherita.it\/wp-content\/uploads\/2023\/11\/gallery-meetingericevimenti-02-768x431.jpg 768w, https:\/\/termemargherita.it\/wp-content\/uploads\/2023\/11\/gallery-meetingericevimenti-02-780x438.jpg 780w, https:\/\/termemargherita.it\/wp-content\/uploads\/2023\/11\/gallery-meetingericevimenti-02-600x337.jpg 600w, https:\/\/termemargherita.it\/wp-content\/uploads\/2023\/11\/gallery-meetingericevimenti-02-550x309.jpg 550w, https:\/\/termemargherita.it\/wp-content\/uploads\/2023\/11\/gallery-meetingericevimenti-02-370x208.jpg 370w, https:\/\/termemargherita.it\/wp-content\/uploads\/2023\/11\/gallery-meetingericevimenti-02-255x143.jpg 255w\" sizes=\"(max-width: 1140px) 100vw, 1140px\" \/><\/a>                    <\/div>                    <div class=\"cs-gallery-item\">                            <a href=\"https:\/\/termemargherita.it\/wp-content\/uploads\/2023\/11\/gallery-meetingericevimenti-05.jpg\" data-elementor-open-lightbox=\"yes\" data-elementor-lightbox-slideshow=\"fde2438\" data-elementor-lightbox-title=\"gallery-meetingericevimenti-05\" data-e-action-hash=\"#elementor-action%3Aaction%3Dlightbox%26settings%3DeyJpZCI6MzM0MiwidXJsIjoiaHR0cHM6XC9cL3Rlcm1lbWFyZ2hlcml0YS5pdFwvd3AtY29udGVudFwvdXBsb2Fkc1wvMjAyM1wvMTFcL2dhbGxlcnktbWVldGluZ2VyaWNldmltZW50aS0wNS5qcGciLCJzbGlkZXNob3ciOiJmZGUyNDM4In0%3D\"><img decoding=\"async\" width=\"1140\" height=\"640\" src=\"https:\/\/termemargherita.it\/wp-content\/uploads\/2023\/11\/gallery-meetingericevimenti-05.jpg\" class=\"attachment-full size-full wp-image-3342\" alt=\"\" srcset=\"https:\/\/termemargherita.it\/wp-content\/uploads\/2023\/11\/gallery-meetingericevimenti-05.jpg 1140w, https:\/\/termemargherita.it\/wp-content\/uploads\/2023\/11\/gallery-meetingericevimenti-05-300x168.jpg 300w, https:\/\/termemargherita.it\/wp-content\/uploads\/2023\/11\/gallery-meetingericevimenti-05-1024x575.jpg 1024w, https:\/\/termemargherita.it\/wp-content\/uploads\/2023\/11\/gallery-meetingericevimenti-05-768x431.jpg 768w, https:\/\/termemargherita.it\/wp-content\/uploads\/2023\/11\/gallery-meetingericevimenti-05-780x438.jpg 780w, https:\/\/termemargherita.it\/wp-content\/uploads\/2023\/11\/gallery-meetingericevimenti-05-600x337.jpg 600w, https:\/\/termemargherita.it\/wp-content\/uploads\/2023\/11\/gallery-meetingericevimenti-05-550x309.jpg 550w, https:\/\/termemargherita.it\/wp-content\/uploads\/2023\/11\/gallery-meetingericevimenti-05-370x208.jpg 370w, https:\/\/termemargherita.it\/wp-content\/uploads\/2023\/11\/gallery-meetingericevimenti-05-255x143.jpg 255w\" sizes=\"(max-width: 1140px) 100vw, 1140px\" \/><\/a>                    <\/div>                <\/div>\n            <\/div>\t\t<\/div>\n\t\t\t\t<\/div>\n\t\t\t\t\t<\/div>\n\t\t<\/div>\n\t\t\t\t\t\t\t<\/div>\n\t\t<\/section>\n\t\t\t\t<section class=\"elementor-section elementor-top-section elementor-element elementor-element-12713fc elementor-section-full_width elementor-hidden-desktop elementor-section-height-default elementor-section-height-default\" data-id=\"12713fc\" data-element_type=\"section\">\n\t\t\t\t\t\t<div class=\"elementor-container elementor-column-gap-no\">\n\t\t\t\t\t<div class=\"elementor-column elementor-col-100 elementor-top-column elementor-element elementor-element-e4c9e22\" data-id=\"e4c9e22\" data-element_type=\"column\">\n\t\t\t<div class=\"elementor-widget-wrap elementor-element-populated\">\n\t\t\t\t\t\t\t\t<div class=\"elementor-element elementor-element-3f03459 elementor-widget elementor-widget-cs_gallery\" data-id=\"3f03459\" data-element_type=\"widget\" data-widget_type=\"cs_gallery.default\">\n\t\t\t\t<div class=\"elementor-widget-container\">\n\t\t\t\n            <div class=\"cs-gallery gap-5 gallery-carousel align-middle-v\" data-column=\"1\" data-fade=\"off\" data-autoplay=\"on\" data-autoplay-speed=\"5000\" data-show-arrows=\"\" data-show-dots=\"\" data-variable-width=\"off\" data-overflow-style=\"\" data-center-mode=\"on\">\n                <div class=\"cs-gallery-wrap\">                    <div class=\"cs-gallery-item\">                            <a href=\"https:\/\/termemargherita.it\/wp-content\/uploads\/2023\/11\/gallery-meetingericevimenti-05.jpg\" data-elementor-open-lightbox=\"yes\" data-elementor-lightbox-slideshow=\"3f03459\" data-elementor-lightbox-title=\"gallery-meetingericevimenti-05\" data-e-action-hash=\"#elementor-action%3Aaction%3Dlightbox%26settings%3DeyJpZCI6MzM0MiwidXJsIjoiaHR0cHM6XC9cL3Rlcm1lbWFyZ2hlcml0YS5pdFwvd3AtY29udGVudFwvdXBsb2Fkc1wvMjAyM1wvMTFcL2dhbGxlcnktbWVldGluZ2VyaWNldmltZW50aS0wNS5qcGciLCJzbGlkZXNob3ciOiIzZjAzNDU5In0%3D\"><img decoding=\"async\" width=\"1140\" height=\"640\" src=\"https:\/\/termemargherita.it\/wp-content\/uploads\/2023\/11\/gallery-meetingericevimenti-05.jpg\" class=\"attachment-full size-full wp-image-3342\" alt=\"\" srcset=\"https:\/\/termemargherita.it\/wp-content\/uploads\/2023\/11\/gallery-meetingericevimenti-05.jpg 1140w, https:\/\/termemargherita.it\/wp-content\/uploads\/2023\/11\/gallery-meetingericevimenti-05-300x168.jpg 300w, https:\/\/termemargherita.it\/wp-content\/uploads\/2023\/11\/gallery-meetingericevimenti-05-1024x575.jpg 1024w, https:\/\/termemargherita.it\/wp-content\/uploads\/2023\/11\/gallery-meetingericevimenti-05-768x431.jpg 768w, https:\/\/termemargherita.it\/wp-content\/uploads\/2023\/11\/gallery-meetingericevimenti-05-780x438.jpg 780w, https:\/\/termemargherita.it\/wp-content\/uploads\/2023\/11\/gallery-meetingericevimenti-05-600x337.jpg 600w, https:\/\/termemargherita.it\/wp-content\/uploads\/2023\/11\/gallery-meetingericevimenti-05-550x309.jpg 550w, https:\/\/termemargherita.it\/wp-content\/uploads\/2023\/11\/gallery-meetingericevimenti-05-370x208.jpg 370w, https:\/\/termemargherita.it\/wp-content\/uploads\/2023\/11\/gallery-meetingericevimenti-05-255x143.jpg 255w\" sizes=\"(max-width: 1140px) 100vw, 1140px\" \/><\/a>                    <\/div>                <\/div>\n            <\/div>\t\t<\/div>\n\t\t\t\t<\/div>\n\t\t\t\t\t<\/div>\n\t\t<\/div>\n\t\t\t\t\t\t\t<\/div>\n\t\t<\/section>\n\t\t\t\t\t\t\t<\/div>","protected":false},"excerpt":{"rendered":"<p>MEETING E RICEVIMENTI La Sala Convegni del Grand Hotel Terme \u00e8 multifunzionale, a platea, e pu\u00f2 essere allestita con soluzioni alternative a seconda delle diverse necessit\u00e0 di lavoro. La sala prevede l&#8217;accesso diretto ad una terrazza panoramica dove \u00e8 possibile allestire coffee break e colazioni di lavoro. L&#8217;intera sala, con una capienza massima di 200 &#8230;<\/p>","protected":false},"author":1,"featured_media":0,"parent":0,"menu_order":0,"comment_status":"closed","ping_status":"closed","template":"template-wide-content.php","meta":{"footnotes":"","cozystay_single_page_hide_site_header":"","cozystay_single_page_site_header_source":"custom","cozystay_single_page_custom_site_header":"4282","cozystay_single_page_custom_sticky_site_header":"","cozystay_single_page_hide_page_title":"on","cozystay_single_page_header_section_size":"","cozystay_single_page_header_background_color":"","cozystay_single_page_header_background_position_x":"center","cozystay_single_page_header_background_position_y":"center","cozystay_single_page_header_background_size":"cover","cozystay_single_page_header_background_repeat":"off","cozystay_single_page_header_background_scroll":"on","cozystay_single_page_header_text_color":"","cozystay_single_page_header_show_breadcrumb":"","cozystay_single_page_site_footer_hide_main":"","cozystay_single_custom_site_footer_main_source":"custom","cozystay_single_custom_site_footer_main":"171","cozystay_single_page_site_footer_hide_above":"","cozystay_single_custom_site_footer_above_source":"","cozystay_single_custom_site_footer_above":"","cozystay_single_page_site_footer_hide_instagram":"","cozystay_single_page_site_footer_hide_bottom":"","cozystay_single_custom_mobile_menu_source":"","cozystay_single_custom_mobile_menu":"","cozystay_single_custom_mobile_menu_animation":"","cozystay_single_custom_mobile_menu_width":"","cozystay_single_custom_mobile_menu_custom_width":375},"_links":{"self":[{"href":"https:\/\/termemargherita.it\/en\/wp-json\/wp\/v2\/pages\/3294"}],"collection":[{"href":"https:\/\/termemargherita.it\/en\/wp-json\/wp\/v2\/pages"}],"about":[{"href":"https:\/\/termemargherita.it\/en\/wp-json\/wp\/v2\/types\/page"}],"author":[{"embeddable":true,"href":"https:\/\/termemargherita.it\/en\/wp-json\/wp\/v2\/users\/1"}],"replies":[{"embeddable":true,"href":"https:\/\/termemargherita.it\/en\/wp-json\/wp\/v2\/comments?post=3294"}],"version-history":[{"count":32,"href":"https:\/\/termemargherita.it\/en\/wp-json\/wp\/v2\/pages\/3294\/revisions"}],"predecessor-version":[{"id":5448,"href":"https:\/\/termemargherita.it\/en\/wp-json\/wp\/v2\/pages\/3294\/revisions\/5448"}],"wp:attachment":[{"href":"https:\/\/termemargherita.it\/en\/wp-json\/wp\/v2\/media?parent=3294"}],"curies":[{"name":"wp","href":"https:\/\/api.w.org\/{rel}","templated":true}]}}