{"id":3366,"date":"2023-11-17T09:19:57","date_gmt":"2023-11-17T09:19:57","guid":{"rendered":"https:\/\/termemargherita.it\/?page_id=3366"},"modified":"2024-06-04T08:34:34","modified_gmt":"2024-06-04T08:34:34","slug":"ristorante-il-galeone-2","status":"publish","type":"page","link":"https:\/\/termemargherita.it\/en\/ristorante-il-galeone-2\/","title":{"rendered":"Ristorante Il Galeone"},"content":{"rendered":"\t\t<div data-elementor-type=\"wp-page\" data-elementor-id=\"3366\" class=\"elementor elementor-3366\">\n\t\t\t\t\t\t\t\t\t<section class=\"elementor-section elementor-top-section elementor-element elementor-element-5f7d9026 elementor-section-height-min-height cs-section-content-fullwidth cs-parallax-on-scroll cs_scroll_y_80 elementor-section-boxed elementor-section-height-default elementor-section-items-middle\" data-id=\"5f7d9026\" data-element_type=\"section\" data-cs-parallax-y=\"80\">\n\t\t\t\t\t\t\t<div class=\"elementor-background-overlay\"><\/div>\n\t\t\t\t\t\t\t<div class=\"elementor-container elementor-column-gap-no\">\n\t\t\t\t\t<div class=\"elementor-column elementor-col-100 elementor-top-column elementor-element elementor-element-40050c5 dark-color\" data-id=\"40050c5\" data-element_type=\"column\">\n\t\t\t<div class=\"elementor-widget-wrap elementor-element-populated\">\n\t\t\t\t\t\t\t\t<div class=\"elementor-element elementor-element-ecdd052 elementor-widget elementor-widget-text-editor\" data-id=\"ecdd052\" data-element_type=\"widget\" data-widget_type=\"text-editor.default\">\n\t\t\t\t<div class=\"elementor-widget-container\">\n\t\t\t<style>\/*! elementor - v3.17.0 - 25-10-2023 *\/\n.elementor-widget-text-editor.elementor-drop-cap-view-stacked .elementor-drop-cap{background-color:#69727d;color:#fff}.elementor-widget-text-editor.elementor-drop-cap-view-framed .elementor-drop-cap{color:#69727d;border:3px solid;background-color:transparent}.elementor-widget-text-editor:not(.elementor-drop-cap-view-default) .elementor-drop-cap{margin-top:8px}.elementor-widget-text-editor:not(.elementor-drop-cap-view-default) .elementor-drop-cap-letter{width:1em;height:1em}.elementor-widget-text-editor .elementor-drop-cap{float:left;text-align:center;line-height:1;font-size:50px}.elementor-widget-text-editor .elementor-drop-cap-letter{display:inline-block}<\/style>\t\t\t\t<p>\n\t\t\t<!-- START Slider Il Galeone REVOLUTION SLIDER 6.5.15 --><p class=\"rs-p-wp-fix\"><\/p>\n\t\t\t<rs-module-wrap id=\"rev_slider_7_1_wrapper\" data-source=\"gallery\" style=\"visibility:hidden;background:transparent;padding:0;\">\n\t\t\t\t<rs-module id=\"rev_slider_7_1\" style=\"\" data-version=\"6.5.15\">\n\t\t\t\t\t<rs-slides>\n\t\t\t\t\t\t<rs-slide style=\"position: absolute;\" data-key=\"rs-13\" data-title=\"Slide\" data-in=\"o:0;\" data-out=\"a:false;\">\n\t\t\t\t\t\t\t<img fetchpriority=\"high\" decoding=\"async\" src=\"\/\/termemargherita.it\/wp-content\/plugins\/revslider\/public\/assets\/assets\/dummy.png\" alt=\"\" title=\"Tavola disegno 1 copia 12\" width=\"1920\" height=\"1080\" class=\"rev-slidebg tp-rs-img rs-lazyload\" data-lazyload=\"\/\/termemargherita.it\/wp-content\/uploads\/2024\/05\/Tavola-disegno-1-copia-12.png\" data-no-retina>\n<!--\n\t\t\t\t\t\t\t--><rs-layer\n\t\t\t\t\t\t\t\tid=\"slider-7-slide-13-layer-0\" \n\t\t\t\t\t\t\t\tdata-type=\"text\"\n\t\t\t\t\t\t\t\tdata-rsp_ch=\"on\"\n\t\t\t\t\t\t\t\tdata-xy=\"x:c;y:m;yo:0,0,-1px,0;\"\n\t\t\t\t\t\t\t\tdata-text=\"w:normal;s:86,63,63,48;l:108,80,80,62;a:center;\"\n\t\t\t\t\t\t\t\tdata-frame_999=\"o:0;st:w;\"\n\t\t\t\t\t\t\t\tstyle=\"z-index:10;font-family:'Marcellus';\"\n\t\t\t\t\t\t\t>IL GALEONE \n\t\t\t\t\t\t\t<\/rs-layer><!--\n\n\t\t\t\t\t\t\t--><rs-layer\n\t\t\t\t\t\t\t\tid=\"slider-7-slide-13-layer-1\" \n\t\t\t\t\t\t\t\tdata-type=\"text\"\n\t\t\t\t\t\t\t\tdata-rsp_ch=\"on\"\n\t\t\t\t\t\t\t\tdata-xy=\"x:c;y:m;yo:82px,50px,47px,46px;\"\n\t\t\t\t\t\t\t\tdata-text=\"w:normal;s:20,11,13,15;l:20,14,16,13;ls:1px,3px,3px,1px;\"\n\t\t\t\t\t\t\t\tdata-frame_999=\"o:0;st:w;\"\n\t\t\t\t\t\t\t\tstyle=\"z-index:9;font-family:'Jost';\"\n\t\t\t\t\t\t\t>Panorama e Delizie a Tavola. \n\t\t\t\t\t\t\t<\/rs-layer><!--\n\n\t\t\t\t\t\t\t--><rs-layer\n\t\t\t\t\t\t\t\tid=\"slider-7-slide-13-layer-2\" \n\t\t\t\t\t\t\t\tclass=\"rev-btn\"\n\t\t\t\t\t\t\t\tdata-type=\"button\"\n\t\t\t\t\t\t\t\tdata-color=\"#11426b\"\n\t\t\t\t\t\t\t\tdata-rsp_ch=\"on\"\n\t\t\t\t\t\t\t\tdata-xy=\"x:c;yo:676px,493px,571px,464px;\"\n\t\t\t\t\t\t\t\tdata-text=\"w:normal;s:24,20,23,19;l:57,51,58,48;a:left,left,left,center;\"\n\t\t\t\t\t\t\t\tdata-dim=\"w:auto,auto,226px,281px;h:auto,auto,auto,51px;minh:0,none,none,none;\"\n\t\t\t\t\t\t\t\tdata-actions='id:ristorante;o:click;a:scrollto;sp:1000ms;e:power1.inOut;'\n\t\t\t\t\t\t\t\tdata-padding=\"r:36,32,37,32;l:36,32,37,32;\"\n\t\t\t\t\t\t\t\tdata-border=\"bos:solid;boc:rgba(255,255,255,0.35);bow:1px,1px,1px,1px;\"\n\t\t\t\t\t\t\t\tdata-frame_999=\"o:0;st:w;\"\n\t\t\t\t\t\t\t\tdata-frame_hover=\"c:#fff;bgc:rgba(0,0,0,0);boc:rgba(255,255,255,0.75);bor:0px,0px,0px,0px;bos:solid;bow:1px,1px,1px,1px;e:power1.inOut;\"\n\t\t\t\t\t\t\t\tstyle=\"z-index:11;background-color:#ffffff;font-family:'Marcellus';\"\n\t\t\t\t\t\t\t>Scopri il ristorante \n\t\t\t\t\t\t\t<\/rs-layer><!--\n\n\t\t\t\t\t\t\t--><rs-layer\n\t\t\t\t\t\t\t\tid=\"slider-7-slide-13-layer-3\" \n\t\t\t\t\t\t\t\tdata-type=\"object\"\n\t\t\t\t\t\t\t\tdata-rsp_ch=\"on\"\n\t\t\t\t\t\t\t\tdata-xy=\"xo:50px,26px,19px,11px;yo:333px,177px,134px,82px;\"\n\t\t\t\t\t\t\t\tdata-text=\"w:normal;s:20,10,7,4;l:0,13,9,6;\"\n\t\t\t\t\t\t\t\tdata-frame_999=\"o:0;st:w;\"\n\t\t\t\t\t\t\t\tstyle=\"z-index:12;font-family:'Roboto';\"\n\t\t\t\t\t\t\t> \n\t\t\t\t\t\t\t<\/rs-layer><!--\n\n\t\t\t\t\t\t\t--><rs-layer\n\t\t\t\t\t\t\t\tid=\"slider-7-slide-13-layer-4\" \n\t\t\t\t\t\t\t\tdata-type=\"text\"\n\t\t\t\t\t\t\t\tdata-rsp_ch=\"on\"\n\t\t\t\t\t\t\t\tdata-xy=\"x:c;y:m;yo:-103px,50px,47px,46px;\"\n\t\t\t\t\t\t\t\tdata-text=\"w:normal;s:55,63,63,48;l:108,80,80,62;\"\n\t\t\t\t\t\t\t\tdata-frame_999=\"o:0;st:w;\"\n\t\t\t\t\t\t\t\tstyle=\"z-index:8;font-family:'Marcellus';\"\n\t\t\t\t\t\t\t>RISTORANTE  \n\t\t\t\t\t\t\t<\/rs-layer><!--\n-->\t\t\t\t\t\t<\/rs-slide>\n\t\t\t\t\t<\/rs-slides>\n\t\t\t\t<\/rs-module>\n\t\t\t\t<script>\n\t\t\t\t\tsetREVStartSize({c: 'rev_slider_7_1',rl:[1240,1024,778,480],el:[1080,768,960,720],gw:[1920,1024,778,480],gh:[1080,768,960,720],type:'standard',justify:'',layout:'fullscreen',offsetContainer:'',offset:'',mh:\"0\"});if (window.RS_MODULES!==undefined && window.RS_MODULES.modules!==undefined && window.RS_MODULES.modules[\"revslider71\"]!==undefined) {window.RS_MODULES.modules[\"revslider71\"].once = false;window.revapi7 = undefined;if (window.RS_MODULES.checkMinimal!==undefined) window.RS_MODULES.checkMinimal()}\n\t\t\t\t<\/script>\n\t\t\t<\/rs-module-wrap>\n\t\t\t<!-- END REVOLUTION SLIDER -->\n<\/p>\t\t\t\t\t\t<\/div>\n\t\t\t\t<\/div>\n\t\t\t\t\t<\/div>\n\t\t<\/div>\n\t\t\t\t\t\t\t<\/div>\n\t\t<\/section>\n\t\t\t\t<section class=\"elementor-section elementor-top-section elementor-element elementor-element-208b5212 cs-section-content-fullwidth elementor-section-boxed elementor-section-height-default elementor-section-height-default\" data-id=\"208b5212\" data-element_type=\"section\" id=\"ristorante\">\n\t\t\t\t\t\t<div class=\"elementor-container elementor-column-gap-no\">\n\t\t\t\t\t<div class=\"elementor-column elementor-col-100 elementor-top-column elementor-element elementor-element-188497bd\" data-id=\"188497bd\" data-element_type=\"column\">\n\t\t\t<div class=\"elementor-widget-wrap elementor-element-populated\">\n\t\t\t\t\t\t\t\t<div class=\"elementor-element elementor-element-2f86dd6c elementor-view-default elementor-widget elementor-widget-icon\" data-id=\"2f86dd6c\" data-element_type=\"widget\" data-widget_type=\"icon.default\">\n\t\t\t\t<div class=\"elementor-widget-container\">\n\t\t\t\t\t<div class=\"elementor-icon-wrapper\">\n\t\t\t<div class=\"elementor-icon\">\n\t\t\t<i aria-hidden=\"true\" class=\"flaticon flaticon-breakfast-3\"><\/i>\t\t\t<\/div>\n\t\t<\/div>\n\t\t\t\t<\/div>\n\t\t\t\t<\/div>\n\t\t\t\t<div class=\"elementor-element elementor-element-e156251 elementor-widget elementor-widget-cs_title\" data-id=\"e156251\" data-element_type=\"widget\" data-widget_type=\"cs_title.default\">\n\t\t\t\t<div class=\"elementor-widget-container\">\n\t\t\t\n        <div class=\"cs-title-wrap text-center\">\t            <div class=\"cs-subtitle-wrap\"><span class=\"cs-subtitle\">La Bellezza del Mare, il Gusto della Puglia<\/span><\/div>\t            <h3 class=\"cs-title\">\n\t                Autenticit\u00e0 e Creativit\u00e0 Pugliese\t            <\/h3>\t            <div class=\"cs-title-text\">\n\t                <div class=\"col-xs-12 col-sm-6 col-md-6 col-lg-6 \">Ampio e luminoso, affacciato sul mare e con una fantastica vista, il ristorante panoramico &#8220;Il Galeone&#8221; vi accoglie ogni mattina con il ricco buffet della prima colazione, con proposte dolci e salate.<br \/>A pranzo e a cena \u00e8 possibile gustare i migliori piatti della tradizione italiana e le apprezzate specialit\u00e0 della cucina pugliese, preparati dai nostri chef con grande creativit\u00e0 ed attenzione ai prodotti del territorio.<\/div><div class=\"col-xs-12 col-sm-6 col-md-6 col-lg-6 \">Il Ristorante \u00e8 inserito nella guida AIC per l&#8217;alimentazione fuori casa senza glutine.<\/div>\t            <\/div>        <\/div>\t\t<\/div>\n\t\t\t\t<\/div>\n\t\t\t\t\t<\/div>\n\t\t<\/div>\n\t\t\t\t\t\t\t<\/div>\n\t\t<\/section>\n\t\t\t\t<section class=\"elementor-section elementor-top-section elementor-element elementor-element-8ec1b0b cs-parallax-on-scroll cs-section-content-fullwidth elementor-section-boxed elementor-section-height-default elementor-section-height-default\" data-id=\"8ec1b0b\" data-element_type=\"section\" data-settings=\"{&quot;background_background&quot;:&quot;classic&quot;}\" data-cs-parallax-y=\"\" style=\"background-image: none;\" data-cs-background-image=\"https:\/\/termemargherita.it\/wp-content\/uploads\/2023\/11\/gallery-ristoranteilgaleone-6.jpg\">\n\t\t\t\t\t\t\t<div class=\"elementor-background-overlay\"><\/div>\n\t\t\t\t\t\t\t<div class=\"elementor-container elementor-column-gap-no\">\n\t\t\t\t\t<div class=\"elementor-column elementor-col-100 elementor-top-column elementor-element elementor-element-3054973 dark-color\" data-id=\"3054973\" data-element_type=\"column\">\n\t\t\t<div class=\"elementor-widget-wrap elementor-element-populated\">\n\t\t\t\t\t\t\t\t<div class=\"elementor-element elementor-element-a1d6b23 elementor-widget elementor-widget-cs_title\" data-id=\"a1d6b23\" data-element_type=\"widget\" data-widget_type=\"cs_title.default\">\n\t\t\t\t<div class=\"elementor-widget-container\">\n\t\t\t\n        <div class=\"cs-title-wrap text-center\">\t            <div class=\"cs-title-text\">\n\t                <h4 class=\"col-xs-12 col-sm-6 col-md-6 col-lg-6 \">\u00c8 il luogo ideale anche per festeggiare momenti speciali,\u00a0come\u00a0matrimoni, anniversari, feste di laurea, eventi e feste private.<\/h4>\t            <\/div>        <\/div>\t\t<\/div>\n\t\t\t\t<\/div>\n\t\t\t\t\t<\/div>\n\t\t<\/div>\n\t\t\t\t\t\t\t<\/div>\n\t\t<\/section>\n\t\t\t\t<section class=\"elementor-section elementor-top-section elementor-element elementor-element-68809472 elementor-section-full_width elementor-section-height-default elementor-section-height-default\" data-id=\"68809472\" data-element_type=\"section\">\n\t\t\t\t\t\t<div class=\"elementor-container elementor-column-gap-no\">\n\t\t\t\t\t<div class=\"elementor-column elementor-col-100 elementor-top-column elementor-element elementor-element-1d5e7b2f\" data-id=\"1d5e7b2f\" data-element_type=\"column\">\n\t\t\t<div class=\"elementor-widget-wrap elementor-element-populated\">\n\t\t\t\t\t\t\t\t<div class=\"elementor-element elementor-element-3e34ac53 elementor-widget elementor-widget-cs_gallery\" data-id=\"3e34ac53\" data-element_type=\"widget\" data-widget_type=\"cs_gallery.default\">\n\t\t\t\t<div class=\"elementor-widget-container\">\n\t\t\t\n            <div class=\"cs-gallery gap-2 gallery-carousel align-middle-v\" data-column=\"3\" data-fade=\"\" data-autoplay=\"on\" data-autoplay-speed=\"5000\" data-show-arrows=\"\" data-show-dots=\"\" data-variable-width=\"off\" data-overflow-style=\"\" data-center-mode=\"on\">\n                <div class=\"cs-gallery-wrap\">                    <div class=\"cs-gallery-item\">                            <a href=\"https:\/\/termemargherita.it\/wp-content\/uploads\/2023\/11\/gallery-ristoranteilgaleone-5.jpg\" data-elementor-open-lightbox=\"yes\" data-elementor-lightbox-slideshow=\"3e34ac53\" data-elementor-lightbox-title=\"gallery-ristoranteilgaleone-5\" data-e-action-hash=\"#elementor-action%3Aaction%3Dlightbox%26settings%3DeyJpZCI6MzQwOCwidXJsIjoiaHR0cHM6XC9cL3Rlcm1lbWFyZ2hlcml0YS5pdFwvd3AtY29udGVudFwvdXBsb2Fkc1wvMjAyM1wvMTFcL2dhbGxlcnktcmlzdG9yYW50ZWlsZ2FsZW9uZS01LmpwZyIsInNsaWRlc2hvdyI6IjNlMzRhYzUzIn0%3D\"><img decoding=\"async\" width=\"600\" height=\"600\" src=\"https:\/\/termemargherita.it\/wp-content\/uploads\/2023\/11\/gallery-ristoranteilgaleone-5-600x600.jpg\" class=\"attachment-cozystay_600x600-crop size-cozystay_600x600-crop wp-image-3408\" alt=\"\" srcset=\"https:\/\/termemargherita.it\/wp-content\/uploads\/2023\/11\/gallery-ristoranteilgaleone-5-600x600.jpg 600w, https:\/\/termemargherita.it\/wp-content\/uploads\/2023\/11\/gallery-ristoranteilgaleone-5-150x150.jpg 150w, https:\/\/termemargherita.it\/wp-content\/uploads\/2023\/11\/gallery-ristoranteilgaleone-5-300x300.jpg 300w\" sizes=\"(max-width: 600px) 100vw, 600px\" \/><\/a>                    <\/div>                    <div class=\"cs-gallery-item\">                            <a href=\"https:\/\/termemargherita.it\/wp-content\/uploads\/2023\/11\/gallery-ristoranteilgaleone-4.jpg\" data-elementor-open-lightbox=\"yes\" data-elementor-lightbox-slideshow=\"3e34ac53\" data-elementor-lightbox-title=\"gallery-ristoranteilgaleone-4\" data-e-action-hash=\"#elementor-action%3Aaction%3Dlightbox%26settings%3DeyJpZCI6MzQwOSwidXJsIjoiaHR0cHM6XC9cL3Rlcm1lbWFyZ2hlcml0YS5pdFwvd3AtY29udGVudFwvdXBsb2Fkc1wvMjAyM1wvMTFcL2dhbGxlcnktcmlzdG9yYW50ZWlsZ2FsZW9uZS00LmpwZyIsInNsaWRlc2hvdyI6IjNlMzRhYzUzIn0%3D\"><img decoding=\"async\" width=\"600\" height=\"600\" src=\"https:\/\/termemargherita.it\/wp-content\/uploads\/2023\/11\/gallery-ristoranteilgaleone-4-600x600.jpg\" class=\"attachment-cozystay_600x600-crop size-cozystay_600x600-crop wp-image-3409\" alt=\"\" srcset=\"https:\/\/termemargherita.it\/wp-content\/uploads\/2023\/11\/gallery-ristoranteilgaleone-4-600x600.jpg 600w, https:\/\/termemargherita.it\/wp-content\/uploads\/2023\/11\/gallery-ristoranteilgaleone-4-150x150.jpg 150w, https:\/\/termemargherita.it\/wp-content\/uploads\/2023\/11\/gallery-ristoranteilgaleone-4-300x300.jpg 300w\" sizes=\"(max-width: 600px) 100vw, 600px\" \/><\/a>                    <\/div>                    <div class=\"cs-gallery-item\">                            <a href=\"https:\/\/termemargherita.it\/wp-content\/uploads\/2023\/11\/gallery-ristoranteilgaleone-3.2.jpg\" data-elementor-open-lightbox=\"yes\" data-elementor-lightbox-slideshow=\"3e34ac53\" data-elementor-lightbox-title=\"gallery-ristoranteilgaleone-3.2\" data-e-action-hash=\"#elementor-action%3Aaction%3Dlightbox%26settings%3DeyJpZCI6MzQxMCwidXJsIjoiaHR0cHM6XC9cL3Rlcm1lbWFyZ2hlcml0YS5pdFwvd3AtY29udGVudFwvdXBsb2Fkc1wvMjAyM1wvMTFcL2dhbGxlcnktcmlzdG9yYW50ZWlsZ2FsZW9uZS0zLjIuanBnIiwic2xpZGVzaG93IjoiM2UzNGFjNTMifQ%3D%3D\"><img loading=\"lazy\" decoding=\"async\" width=\"600\" height=\"600\" src=\"https:\/\/termemargherita.it\/wp-content\/uploads\/2023\/11\/gallery-ristoranteilgaleone-3.2-600x600.jpg\" class=\"attachment-cozystay_600x600-crop size-cozystay_600x600-crop wp-image-3410\" alt=\"\" srcset=\"https:\/\/termemargherita.it\/wp-content\/uploads\/2023\/11\/gallery-ristoranteilgaleone-3.2-600x600.jpg 600w, https:\/\/termemargherita.it\/wp-content\/uploads\/2023\/11\/gallery-ristoranteilgaleone-3.2-150x150.jpg 150w, https:\/\/termemargherita.it\/wp-content\/uploads\/2023\/11\/gallery-ristoranteilgaleone-3.2-300x300.jpg 300w\" sizes=\"(max-width: 600px) 100vw, 600px\" \/><\/a>                    <\/div>                    <div class=\"cs-gallery-item\">                            <a href=\"https:\/\/termemargherita.it\/wp-content\/uploads\/2023\/11\/gallery-ristoranteilgaleone-7.2.jpg\" data-elementor-open-lightbox=\"yes\" data-elementor-lightbox-slideshow=\"3e34ac53\" data-elementor-lightbox-title=\"gallery-ristoranteilgaleone-7.2\" data-e-action-hash=\"#elementor-action%3Aaction%3Dlightbox%26settings%3DeyJpZCI6MzQxMSwidXJsIjoiaHR0cHM6XC9cL3Rlcm1lbWFyZ2hlcml0YS5pdFwvd3AtY29udGVudFwvdXBsb2Fkc1wvMjAyM1wvMTFcL2dhbGxlcnktcmlzdG9yYW50ZWlsZ2FsZW9uZS03LjIuanBnIiwic2xpZGVzaG93IjoiM2UzNGFjNTMifQ%3D%3D\"><img loading=\"lazy\" decoding=\"async\" width=\"600\" height=\"600\" src=\"https:\/\/termemargherita.it\/wp-content\/uploads\/2023\/11\/gallery-ristoranteilgaleone-7.2-600x600.jpg\" class=\"attachment-cozystay_600x600-crop size-cozystay_600x600-crop wp-image-3411\" alt=\"\" srcset=\"https:\/\/termemargherita.it\/wp-content\/uploads\/2023\/11\/gallery-ristoranteilgaleone-7.2-600x600.jpg 600w, https:\/\/termemargherita.it\/wp-content\/uploads\/2023\/11\/gallery-ristoranteilgaleone-7.2-150x150.jpg 150w, https:\/\/termemargherita.it\/wp-content\/uploads\/2023\/11\/gallery-ristoranteilgaleone-7.2-300x300.jpg 300w\" sizes=\"(max-width: 600px) 100vw, 600px\" \/><\/a>                    <\/div>                    <div class=\"cs-gallery-item\">                            <a href=\"https:\/\/termemargherita.it\/wp-content\/uploads\/2023\/11\/gallery-ristoranteilgaleone-1.jpg\" data-elementor-open-lightbox=\"yes\" data-elementor-lightbox-slideshow=\"3e34ac53\" data-elementor-lightbox-title=\"gallery-ristoranteilgaleone-1\" data-e-action-hash=\"#elementor-action%3Aaction%3Dlightbox%26settings%3DeyJpZCI6MzQxMiwidXJsIjoiaHR0cHM6XC9cL3Rlcm1lbWFyZ2hlcml0YS5pdFwvd3AtY29udGVudFwvdXBsb2Fkc1wvMjAyM1wvMTFcL2dhbGxlcnktcmlzdG9yYW50ZWlsZ2FsZW9uZS0xLmpwZyIsInNsaWRlc2hvdyI6IjNlMzRhYzUzIn0%3D\"><img loading=\"lazy\" decoding=\"async\" width=\"600\" height=\"600\" src=\"https:\/\/termemargherita.it\/wp-content\/uploads\/2023\/11\/gallery-ristoranteilgaleone-1-600x600.jpg\" class=\"attachment-cozystay_600x600-crop size-cozystay_600x600-crop wp-image-3412\" alt=\"\" srcset=\"https:\/\/termemargherita.it\/wp-content\/uploads\/2023\/11\/gallery-ristoranteilgaleone-1-600x600.jpg 600w, https:\/\/termemargherita.it\/wp-content\/uploads\/2023\/11\/gallery-ristoranteilgaleone-1-150x150.jpg 150w, https:\/\/termemargherita.it\/wp-content\/uploads\/2023\/11\/gallery-ristoranteilgaleone-1-300x300.jpg 300w\" sizes=\"(max-width: 600px) 100vw, 600px\" \/><\/a>                    <\/div>                <\/div>\n            <\/div>\t\t<\/div>\n\t\t\t\t<\/div>\n\t\t\t\t\t<\/div>\n\t\t<\/div>\n\t\t\t\t\t\t\t<\/div>\n\t\t<\/section>\n\t\t\t\t\t\t\t<\/div>\n\t\t","protected":false},"excerpt":{"rendered":"<p>La Bellezza del Mare, il Gusto della Puglia Autenticit\u00e0 e Creativit\u00e0 Pugliese Ampio e luminoso, affacciato sul mare e con una fantastica vista, il ristorante panoramico &#8220;Il Galeone&#8221; vi accoglie ogni mattina con il ricco buffet della prima colazione, con proposte dolci e salate.A pranzo e a cena \u00e8 possibile gustare i migliori piatti della &#8230;<\/p>","protected":false},"author":1,"featured_media":0,"parent":0,"menu_order":0,"comment_status":"closed","ping_status":"closed","template":"template-wide-content.php","meta":{"footnotes":"","cozystay_single_page_hide_site_header":"","cozystay_single_page_site_header_source":"custom","cozystay_single_page_custom_site_header":"4282","cozystay_single_page_custom_sticky_site_header":"","cozystay_single_page_hide_page_title":"on","cozystay_single_page_header_section_size":"","cozystay_single_page_header_background_color":"","cozystay_single_page_header_background_position_x":"center","cozystay_single_page_header_background_position_y":"center","cozystay_single_page_header_background_size":"cover","cozystay_single_page_header_background_repeat":"off","cozystay_single_page_header_background_scroll":"on","cozystay_single_page_header_text_color":"","cozystay_single_page_header_show_breadcrumb":"","cozystay_single_page_site_footer_hide_main":"","cozystay_single_custom_site_footer_main_source":"custom","cozystay_single_custom_site_footer_main":"171","cozystay_single_page_site_footer_hide_above":"","cozystay_single_custom_site_footer_above_source":"","cozystay_single_custom_site_footer_above":"","cozystay_single_page_site_footer_hide_instagram":"","cozystay_single_page_site_footer_hide_bottom":"","cozystay_single_custom_mobile_menu_source":"","cozystay_single_custom_mobile_menu":"","cozystay_single_custom_mobile_menu_animation":"","cozystay_single_custom_mobile_menu_width":"","cozystay_single_custom_mobile_menu_custom_width":375},"_links":{"self":[{"href":"https:\/\/termemargherita.it\/en\/wp-json\/wp\/v2\/pages\/3366"}],"collection":[{"href":"https:\/\/termemargherita.it\/en\/wp-json\/wp\/v2\/pages"}],"about":[{"href":"https:\/\/termemargherita.it\/en\/wp-json\/wp\/v2\/types\/page"}],"author":[{"embeddable":true,"href":"https:\/\/termemargherita.it\/en\/wp-json\/wp\/v2\/users\/1"}],"replies":[{"embeddable":true,"href":"https:\/\/termemargherita.it\/en\/wp-json\/wp\/v2\/comments?post=3366"}],"version-history":[{"count":44,"href":"https:\/\/termemargherita.it\/en\/wp-json\/wp\/v2\/pages\/3366\/revisions"}],"predecessor-version":[{"id":5442,"href":"https:\/\/termemargherita.it\/en\/wp-json\/wp\/v2\/pages\/3366\/revisions\/5442"}],"wp:attachment":[{"href":"https:\/\/termemargherita.it\/en\/wp-json\/wp\/v2\/media?parent=3366"}],"curies":[{"name":"wp","href":"https:\/\/api.w.org\/{rel}","templated":true}]}}